{"id":22009,"date":"2024-03-25T09:45:13","date_gmt":"2024-03-25T09:45:13","guid":{"rendered":"https:\/\/d-tex.es\/?post_type=product&#038;p=22009"},"modified":"2024-07-11T11:12:06","modified_gmt":"2024-07-11T11:12:06","slug":"b-63","status":"publish","type":"product","link":"https:\/\/d-tex.es\/?product=b-63","title":{"rendered":"B-63"},"content":{"rendered":"<table id=\"gb-table-2\" class=\"gb-table info-table ng-star-inserted\" role=\"table\">\n<tbody>\n<tr class=\"font-size-m ng-star-inserted\">\n<td class=\"font-weight-bold\">Designaciones habituales de agujas<\/td>\n<td>B-63, DVX63, RIM 63<\/td>\n<\/tr>\n<tr class=\"font-size-m ng-star-inserted\">\n<td class=\"font-weight-bold\">CANU<\/td>\n<td>35:40 1<\/td>\n<\/tr>\n<tr class=\"font-size-m ng-star-inserted\">\n<td class=\"font-weight-bold\">Estilo de punto<\/td>\n<td>STANDARD (Punto redondo normal)<\/td>\n<\/tr>\n<tr class=\"font-size-m ng-star-inserted\">\n<td class=\"font-weight-bold\">Tipo de recubrimiento<\/td>\n<td>Chrome<\/td>\n<\/tr>\n<tr class=\"font-size-m ng-star-inserted\">\n<td class=\"font-weight-bold\">Mango-\u00f8<\/td>\n<td>2 mm<\/td>\n<\/tr>\n<tr class=\"font-size-m ng-star-inserted\">\n<td class=\"font-weight-bold\">Longitud total<\/td>\n<td>43.7 mm<\/td>\n<\/tr>\n<tr class=\"font-size-m ng-star-inserted\">\n<td class=\"font-weight-bold\">Longitud al ojo<\/td>\n<td>38.9 mm<\/td>\n<\/tr>\n<tr class=\"font-size-m ng-star-inserted\">\n<td class=\"font-weight-bold\">Aplanamiento del mango<\/td>\n<td>Sin aplanamiento del v\u00e1stago<\/td>\n<\/tr>\n<tr class=\"font-size-m ng-star-inserted\">\n<td class=\"font-weight-bold\">Forma de la hoja<\/td>\n<td>Derecha<\/td>\n<\/tr>\n<tr class=\"font-size-m ng-star-inserted\">\n<td class=\"font-weight-bold\">N\u00famero de ranuras<\/td>\n<td>3<\/td>\n<\/tr>\n<tr class=\"font-size-m ng-star-inserted\">\n<td class=\"font-weight-bold\">Tipo de puntada<\/td>\n<td>Punto de cadeneta<\/td>\n<\/tr>\n<\/tbody>\n<\/table>\n","protected":false},"excerpt":{"rendered":"<p><strong><b>El precio es por UNIDAD y la cantidad m\u00ednima es de 100 unidades.<\/b><br \/>\nPedidos de mas cantidad cons\u00faltanos el precio a trav\u00e9s de este email <a href=\"mailto:info@d-tex.es\">info@d-tex.es<\/a><\/strong><\/p>\n","protected":false},"featured_media":22648,"comment_status":"open","ping_status":"closed","template":"","meta":[],"product_cat":[148],"product_tag":[155,156,161],"class_list":{"0":"post-22009","1":"product","2":"type-product","3":"status-publish","4":"has-post-thumbnail","6":"product_cat-industrial","7":"product_tag-geometria-standard","8":"product_tag-punta-de-aguja-standard","9":"product_tag-revestimiento-chrome","11":"first","12":"instock","13":"shipping-taxable","14":"purchasable","15":"product-type-variable"},"yoast_head":"<!-- This site is optimized with the Yoast SEO plugin v23.0 - https:\/\/yoast.com\/wordpress\/plugins\/seo\/ -->\n<title>B-63 - D-Tex<\/title>\n<meta name=\"robots\" content=\"index, follow, max-snippet:-1, max-image-preview:large, max-video-preview:-1\" \/>\n<link rel=\"canonical\" href=\"https:\/\/d-tex.es\/?product=b-63\" \/>\n<meta property=\"og:locale\" content=\"es_ES\" \/>\n<meta property=\"og:type\" content=\"article\" \/>\n<meta property=\"og:title\" content=\"B-63 - D-Tex\" \/>\n<meta property=\"og:description\" content=\"El precio es por UNIDAD y la cantidad m\u00ednima es de 100 unidades. Pedidos de mas cantidad cons\u00faltanos el precio a trav\u00e9s de este email info@d-tex.es\" \/>\n<meta property=\"og:url\" content=\"https:\/\/d-tex.es\/?product=b-63\" \/>\n<meta property=\"og:site_name\" content=\"D-Tex\" \/>\n<meta property=\"article:modified_time\" content=\"2024-07-11T11:12:06+00:00\" \/>\n<meta property=\"og:image\" content=\"https:\/\/d-tex.es\/wp-content\/uploads\/2024\/03\/b-63-caja-agujas.jpg\" \/>\n\t<meta property=\"og:image:width\" content=\"600\" \/>\n\t<meta property=\"og:image:height\" content=\"478\" \/>\n\t<meta property=\"og:image:type\" content=\"image\/jpeg\" \/>\n<meta name=\"twitter:card\" content=\"summary_large_image\" \/>\n<meta name=\"twitter:label1\" content=\"Tiempo de lectura\" \/>\n\t<meta name=\"twitter:data1\" content=\"1 minuto\" \/>\n<script type=\"application\/ld+json\" class=\"yoast-schema-graph\">{\"@context\":\"https:\/\/schema.org\",\"@graph\":[{\"@type\":\"WebPage\",\"@id\":\"https:\/\/d-tex.es\/?product=b-63\",\"url\":\"https:\/\/d-tex.es\/?product=b-63\",\"name\":\"B-63 - D-Tex\",\"isPartOf\":{\"@id\":\"https:\/\/d-tex.es\/#website\"},\"primaryImageOfPage\":{\"@id\":\"https:\/\/d-tex.es\/?product=b-63#primaryimage\"},\"image\":{\"@id\":\"https:\/\/d-tex.es\/?product=b-63#primaryimage\"},\"thumbnailUrl\":\"https:\/\/d-tex.es\/wp-content\/uploads\/2024\/03\/b-63-caja-agujas.jpg\",\"datePublished\":\"2024-03-25T09:45:13+00:00\",\"dateModified\":\"2024-07-11T11:12:06+00:00\",\"breadcrumb\":{\"@id\":\"https:\/\/d-tex.es\/?product=b-63#breadcrumb\"},\"inLanguage\":\"es\",\"potentialAction\":[{\"@type\":\"ReadAction\",\"target\":[\"https:\/\/d-tex.es\/?product=b-63\"]}]},{\"@type\":\"ImageObject\",\"inLanguage\":\"es\",\"@id\":\"https:\/\/d-tex.es\/?product=b-63#primaryimage\",\"url\":\"https:\/\/d-tex.es\/wp-content\/uploads\/2024\/03\/b-63-caja-agujas.jpg\",\"contentUrl\":\"https:\/\/d-tex.es\/wp-content\/uploads\/2024\/03\/b-63-caja-agujas.jpg\",\"width\":600,\"height\":478,\"caption\":\"b-63-caja-agujas\"},{\"@type\":\"BreadcrumbList\",\"@id\":\"https:\/\/d-tex.es\/?product=b-63#breadcrumb\",\"itemListElement\":[{\"@type\":\"ListItem\",\"position\":1,\"name\":\"Portada\",\"item\":\"https:\/\/d-tex.es\/\"},{\"@type\":\"ListItem\",\"position\":2,\"name\":\"Productos\",\"item\":\"https:\/\/d-tex.es\/?page_id=7\"},{\"@type\":\"ListItem\",\"position\":3,\"name\":\"B-63\"}]},{\"@type\":\"WebSite\",\"@id\":\"https:\/\/d-tex.es\/#website\",\"url\":\"https:\/\/d-tex.es\/\",\"name\":\"D-Tex\",\"description\":\"\",\"publisher\":{\"@id\":\"https:\/\/d-tex.es\/#organization\"},\"potentialAction\":[{\"@type\":\"SearchAction\",\"target\":{\"@type\":\"EntryPoint\",\"urlTemplate\":\"https:\/\/d-tex.es\/?s={search_term_string}\"},\"query-input\":\"required name=search_term_string\"}],\"inLanguage\":\"es\"},{\"@type\":\"Organization\",\"@id\":\"https:\/\/d-tex.es\/#organization\",\"name\":\"D-Tex\",\"url\":\"https:\/\/d-tex.es\/\",\"logo\":{\"@type\":\"ImageObject\",\"inLanguage\":\"es\",\"@id\":\"https:\/\/d-tex.es\/#\/schema\/logo\/image\/\",\"url\":\"https:\/\/d-tex.es\/wp-content\/uploads\/2024\/04\/logo-josemaria-navarro-SL.png\",\"contentUrl\":\"https:\/\/d-tex.es\/wp-content\/uploads\/2024\/04\/logo-josemaria-navarro-SL.png\",\"width\":956,\"height\":344,\"caption\":\"D-Tex\"},\"image\":{\"@id\":\"https:\/\/d-tex.es\/#\/schema\/logo\/image\/\"}}]}<\/script>\n<!-- \/ Yoast SEO plugin. -->","yoast_head_json":{"title":"B-63 - D-Tex","robots":{"index":"index","follow":"follow","max-snippet":"max-snippet:-1","max-image-preview":"max-image-preview:large","max-video-preview":"max-video-preview:-1"},"canonical":"https:\/\/d-tex.es\/?product=b-63","og_locale":"es_ES","og_type":"article","og_title":"B-63 - D-Tex","og_description":"El precio es por UNIDAD y la cantidad m\u00ednima es de 100 unidades. Pedidos de mas cantidad cons\u00faltanos el precio a trav\u00e9s de este email info@d-tex.es","og_url":"https:\/\/d-tex.es\/?product=b-63","og_site_name":"D-Tex","article_modified_time":"2024-07-11T11:12:06+00:00","og_image":[{"width":600,"height":478,"url":"https:\/\/d-tex.es\/wp-content\/uploads\/2024\/03\/b-63-caja-agujas.jpg","type":"image\/jpeg"}],"twitter_card":"summary_large_image","twitter_misc":{"Tiempo de lectura":"1 minuto"},"schema":{"@context":"https:\/\/schema.org","@graph":[{"@type":"WebPage","@id":"https:\/\/d-tex.es\/?product=b-63","url":"https:\/\/d-tex.es\/?product=b-63","name":"B-63 - D-Tex","isPartOf":{"@id":"https:\/\/d-tex.es\/#website"},"primaryImageOfPage":{"@id":"https:\/\/d-tex.es\/?product=b-63#primaryimage"},"image":{"@id":"https:\/\/d-tex.es\/?product=b-63#primaryimage"},"thumbnailUrl":"https:\/\/d-tex.es\/wp-content\/uploads\/2024\/03\/b-63-caja-agujas.jpg","datePublished":"2024-03-25T09:45:13+00:00","dateModified":"2024-07-11T11:12:06+00:00","breadcrumb":{"@id":"https:\/\/d-tex.es\/?product=b-63#breadcrumb"},"inLanguage":"es","potentialAction":[{"@type":"ReadAction","target":["https:\/\/d-tex.es\/?product=b-63"]}]},{"@type":"ImageObject","inLanguage":"es","@id":"https:\/\/d-tex.es\/?product=b-63#primaryimage","url":"https:\/\/d-tex.es\/wp-content\/uploads\/2024\/03\/b-63-caja-agujas.jpg","contentUrl":"https:\/\/d-tex.es\/wp-content\/uploads\/2024\/03\/b-63-caja-agujas.jpg","width":600,"height":478,"caption":"b-63-caja-agujas"},{"@type":"BreadcrumbList","@id":"https:\/\/d-tex.es\/?product=b-63#breadcrumb","itemListElement":[{"@type":"ListItem","position":1,"name":"Portada","item":"https:\/\/d-tex.es\/"},{"@type":"ListItem","position":2,"name":"Productos","item":"https:\/\/d-tex.es\/?page_id=7"},{"@type":"ListItem","position":3,"name":"B-63"}]},{"@type":"WebSite","@id":"https:\/\/d-tex.es\/#website","url":"https:\/\/d-tex.es\/","name":"D-Tex","description":"","publisher":{"@id":"https:\/\/d-tex.es\/#organization"},"potentialAction":[{"@type":"SearchAction","target":{"@type":"EntryPoint","urlTemplate":"https:\/\/d-tex.es\/?s={search_term_string}"},"query-input":"required name=search_term_string"}],"inLanguage":"es"},{"@type":"Organization","@id":"https:\/\/d-tex.es\/#organization","name":"D-Tex","url":"https:\/\/d-tex.es\/","logo":{"@type":"ImageObject","inLanguage":"es","@id":"https:\/\/d-tex.es\/#\/schema\/logo\/image\/","url":"https:\/\/d-tex.es\/wp-content\/uploads\/2024\/04\/logo-josemaria-navarro-SL.png","contentUrl":"https:\/\/d-tex.es\/wp-content\/uploads\/2024\/04\/logo-josemaria-navarro-SL.png","width":956,"height":344,"caption":"D-Tex"},"image":{"@id":"https:\/\/d-tex.es\/#\/schema\/logo\/image\/"}}]}},"_links":{"self":[{"href":"https:\/\/d-tex.es\/index.php?rest_route=\/wp\/v2\/product\/22009","targetHints":{"allow":["GET"]}}],"collection":[{"href":"https:\/\/d-tex.es\/index.php?rest_route=\/wp\/v2\/product"}],"about":[{"href":"https:\/\/d-tex.es\/index.php?rest_route=\/wp\/v2\/types\/product"}],"replies":[{"embeddable":true,"href":"https:\/\/d-tex.es\/index.php?rest_route=%2Fwp%2Fv2%2Fcomments&post=22009"}],"version-history":[{"count":5,"href":"https:\/\/d-tex.es\/index.php?rest_route=\/wp\/v2\/product\/22009\/revisions"}],"predecessor-version":[{"id":23141,"href":"https:\/\/d-tex.es\/index.php?rest_route=\/wp\/v2\/product\/22009\/revisions\/23141"}],"wp:featuredmedia":[{"embeddable":true,"href":"https:\/\/d-tex.es\/index.php?rest_route=\/wp\/v2\/media\/22648"}],"wp:attachment":[{"href":"https:\/\/d-tex.es\/index.php?rest_route=%2Fwp%2Fv2%2Fmedia&parent=22009"}],"wp:term":[{"taxonomy":"product_cat","embeddable":true,"href":"https:\/\/d-tex.es\/index.php?rest_route=%2Fwp%2Fv2%2Fproduct_cat&post=22009"},{"taxonomy":"product_tag","embeddable":true,"href":"https:\/\/d-tex.es\/index.php?rest_route=%2Fwp%2Fv2%2Fproduct_tag&post=22009"}],"curies":[{"name":"wp","href":"https:\/\/api.w.org\/{rel}","templated":true}]}}